{"id":4349,"date":"2019-09-14T15:09:21","date_gmt":"2019-09-14T14:09:21","guid":{"rendered":"http:\/\/www.lessvtdelagrenouille.fr\/blog\/?page_id=4349"},"modified":"2021-01-19T15:36:30","modified_gmt":"2021-01-19T14:36:30","slug":"notre-station-meteo","status":"publish","type":"page","link":"http:\/\/www.lessvtdelagrenouille.fr\/blog\/epi\/notre-station-meteo\/","title":{"rendered":"Notre station m\u00e9t\u00e9o- Cinqui\u00e8me"},"content":{"rendered":"<p><strong>Projet:<\/strong><\/p>\n<p>Mise en place d&rsquo;une station m\u00e9t\u00e9o au coll\u00e8ge avec mesure de temp\u00e9rature, pression atmosph\u00e9rique, pluviom\u00e9trie, force et direction du vent .<\/p>\n<p><strong>Objectifs:\u00a0<\/strong><\/p>\n<table style=\"width: 100%;\" border=\"1\">\n<tbody>\n<tr>\n<td style=\"width: 26.3902%;\"><img loading=\"lazy\" decoding=\"async\" class=\"alignnone size-full\" src=\"http:\/\/www.lessvtdelagrenouille.fr\/blog\/wp-content\/uploads\/2016\/09\/gifg.gif\" width=\"980\" height=\"200\" \/><\/td>\n<td style=\"width: 34.6843%;\"><img loading=\"lazy\" decoding=\"async\" class=\"aligncenter\" src=\"http:\/\/www.lessvtdelagrenouille.fr\/blog\/wp-content\/uploads\/2016\/09\/maths1-300x214.jpg\" width=\"170\" height=\"121\" \/><\/td>\n<td style=\"width: 37.983%;\"><img loading=\"lazy\" decoding=\"async\" class=\" aligncenter\" src=\"http:\/\/www.lessvtdelagrenouille.fr\/blog\/wp-content\/uploads\/2016\/09\/images.jpeg\" width=\"188\" height=\"133\" \/><\/td>\n<\/tr>\n<tr>\n<td style=\"width: 26.3902%; text-align: left;\">\n<ul>\n<li>Comprendre la m\u00e9t\u00e9o<\/li>\n<li>Diff\u00e9rencier m\u00e9t\u00e9o et climat<\/li>\n<li>Prendre des mesures<\/li>\n<\/ul>\n<\/td>\n<td style=\"width: 34.6843%; text-align: left;\">\n<ul>\n<li>Calcul de moyenne<\/li>\n<li>Utilisation du tableur<\/li>\n<li>Exploiter des donn\u00e9es<\/li>\n<\/ul>\n<\/td>\n<td style=\"width: 37.983%; text-align: left;\">\n<ul>\n<li>Cahier des charges<\/li>\n<li>Utiliser l&rsquo;imprimante 3D<\/li>\n<\/ul>\n<p>&nbsp;<\/td>\n<\/tr>\n<\/tbody>\n<\/table>\n<p>&nbsp;<\/p>\n","protected":false},"excerpt":{"rendered":"<p>Projet: Mise en place d&rsquo;une station m\u00e9t\u00e9o au coll\u00e8ge avec mesure de temp\u00e9rature, pression atmosph\u00e9rique, pluviom\u00e9trie, force et direction du vent . Objectifs:\u00a0 Comprendre la m\u00e9t\u00e9o Diff\u00e9rencier m\u00e9t\u00e9o et climat Prendre des mesures Calcul de moyenne Utilisation du tableur Exploiter des donn\u00e9es Cahier des charges Utiliser l&rsquo;imprimante 3D &nbsp; &nbsp;<\/p>\n","protected":false},"author":1,"featured_media":3112,"parent":2125,"menu_order":0,"comment_status":"closed","ping_status":"closed","template":"","meta":{"footnotes":""},"class_list":["post-4349","page","type-page","status-publish","has-post-thumbnail"],"featured_image_urls_v2":{"full":["http:\/\/www.lessvtdelagrenouille.fr\/blog\/wp-content\/uploads\/2018\/01\/jap.png",786,421,false],"thumbnail":["http:\/\/www.lessvtdelagrenouille.fr\/blog\/wp-content\/uploads\/2018\/01\/jap-150x150.png",150,150,true],"medium":["http:\/\/www.lessvtdelagrenouille.fr\/blog\/wp-content\/uploads\/2018\/01\/jap-300x161.png",300,161,true],"medium_large":["http:\/\/www.lessvtdelagrenouille.fr\/blog\/wp-content\/uploads\/2018\/01\/jap-768x411.png",768,411,true],"large":["http:\/\/www.lessvtdelagrenouille.fr\/blog\/wp-content\/uploads\/2018\/01\/jap.png",786,421,false],"1536x1536":["http:\/\/www.lessvtdelagrenouille.fr\/blog\/wp-content\/uploads\/2018\/01\/jap.png",786,421,false],"2048x2048":["http:\/\/www.lessvtdelagrenouille.fr\/blog\/wp-content\/uploads\/2018\/01\/jap.png",786,421,false]},"post_excerpt_stackable_v2":"<p>Projet: Mise en place d&rsquo;une station m\u00e9t\u00e9o au coll\u00e8ge avec mesure de temp\u00e9rature, pression atmosph\u00e9rique, pluviom\u00e9trie, force et direction du vent . Objectifs:\u00a0 Comprendre la m\u00e9t\u00e9o Diff\u00e9rencier m\u00e9t\u00e9o et climat Prendre des mesures Calcul de moyenne Utilisation du tableur Exploiter des donn\u00e9es Cahier des charges Utiliser l&rsquo;imprimante 3D &nbsp; &nbsp;<\/p>\n","category_list_v2":"","author_info_v2":{"name":"RolandC","url":"http:\/\/www.lessvtdelagrenouille.fr\/blog\/author\/rollandc\/"},"comments_num_v2":"0 commentaire","_links":{"self":[{"href":"http:\/\/www.lessvtdelagrenouille.fr\/blog\/wp-json\/wp\/v2\/pages\/4349","targetHints":{"allow":["GET"]}}],"collection":[{"href":"http:\/\/www.lessvtdelagrenouille.fr\/blog\/wp-json\/wp\/v2\/pages"}],"about":[{"href":"http:\/\/www.lessvtdelagrenouille.fr\/blog\/wp-json\/wp\/v2\/types\/page"}],"author":[{"embeddable":true,"href":"http:\/\/www.lessvtdelagrenouille.fr\/blog\/wp-json\/wp\/v2\/users\/1"}],"replies":[{"embeddable":true,"href":"http:\/\/www.lessvtdelagrenouille.fr\/blog\/wp-json\/wp\/v2\/comments?post=4349"}],"version-history":[{"count":4,"href":"http:\/\/www.lessvtdelagrenouille.fr\/blog\/wp-json\/wp\/v2\/pages\/4349\/revisions"}],"predecessor-version":[{"id":4353,"href":"http:\/\/www.lessvtdelagrenouille.fr\/blog\/wp-json\/wp\/v2\/pages\/4349\/revisions\/4353"}],"up":[{"embeddable":true,"href":"http:\/\/www.lessvtdelagrenouille.fr\/blog\/wp-json\/wp\/v2\/pages\/2125"}],"wp:featuredmedia":[{"embeddable":true,"href":"http:\/\/www.lessvtdelagrenouille.fr\/blog\/wp-json\/wp\/v2\/media\/3112"}],"wp:attachment":[{"href":"http:\/\/www.lessvtdelagrenouille.fr\/blog\/wp-json\/wp\/v2\/media?parent=4349"}],"curies":[{"name":"wp","href":"https:\/\/api.w.org\/{rel}","templated":true}]}}