{"id":8507,"date":"2024-10-15T10:50:49","date_gmt":"2024-10-15T09:50:49","guid":{"rendered":"http:\/\/www.lessvtdelagrenouille.fr\/blog\/?page_id=8507"},"modified":"2024-10-15T10:58:02","modified_gmt":"2024-10-15T09:58:02","slug":"laire-terrestre-educative-du-college-le-marin-dallonnes","status":"publish","type":"page","link":"http:\/\/www.lessvtdelagrenouille.fr\/blog\/laire-terrestre-educative-du-college-le-marin-dallonnes\/","title":{"rendered":"L&rsquo;aire terrestre \u00e9ducative du coll\u00e8ge Le Marin d&rsquo;Allonnes"},"content":{"rendered":"\n<p><\/p>\n\n\n\n<div class=\"wp-block-columns is-layout-flex wp-container-core-columns-is-layout-9d6595d7 wp-block-columns-is-layout-flex\">\n<div class=\"wp-block-column is-layout-flow wp-block-column-is-layout-flow\"><div class=\"wp-block-image\">\n<figure class=\"aligncenter size-full is-resized\"><a href=\"http:\/\/www.lessvtdelagrenouille.fr\/blog\/faire-la-classe-au-dehors\/\"><img loading=\"lazy\" decoding=\"async\" width=\"1024\" height=\"1024\" src=\"http:\/\/www.lessvtdelagrenouille.fr\/blog\/wp-content\/uploads\/2024\/10\/ecole-dehors-1024x1024-1.png\" alt=\"\" class=\"wp-image-8503\" style=\"width:149px;height:auto\" srcset=\"http:\/\/www.lessvtdelagrenouille.fr\/blog\/wp-content\/uploads\/2024\/10\/ecole-dehors-1024x1024-1.png 1024w, http:\/\/www.lessvtdelagrenouille.fr\/blog\/wp-content\/uploads\/2024\/10\/ecole-dehors-1024x1024-1-300x300.png 300w, http:\/\/www.lessvtdelagrenouille.fr\/blog\/wp-content\/uploads\/2024\/10\/ecole-dehors-1024x1024-1-150x150.png 150w, http:\/\/www.lessvtdelagrenouille.fr\/blog\/wp-content\/uploads\/2024\/10\/ecole-dehors-1024x1024-1-768x768.png 768w\" sizes=\"auto, (max-width: 1024px) 100vw, 1024px\" \/><\/a><\/figure>\n<\/div><\/div>\n\n\n\n<div class=\"wp-block-column is-layout-flow wp-block-column-is-layout-flow\">\n<figure class=\"wp-block-image size-full is-resized\"><a href=\"http:\/\/www.lessvtdelagrenouille.fr\/blog\/epi\/carre-vert\/\"><img loading=\"lazy\" decoding=\"async\" width=\"307\" height=\"164\" src=\"http:\/\/www.lessvtdelagrenouille.fr\/blog\/wp-content\/uploads\/2024\/10\/methode.png\" alt=\"\" class=\"wp-image-8508\" style=\"width:274px;height:auto\" srcset=\"http:\/\/www.lessvtdelagrenouille.fr\/blog\/wp-content\/uploads\/2024\/10\/methode.png 307w, http:\/\/www.lessvtdelagrenouille.fr\/blog\/wp-content\/uploads\/2024\/10\/methode-300x160.png 300w\" sizes=\"auto, (max-width: 307px) 100vw, 307px\" \/><\/a><\/figure>\n<\/div>\n\n\n\n<div class=\"wp-block-column is-layout-flow wp-block-column-is-layout-flow\">\n<figure class=\"wp-block-image size-full\"><a href=\"https:\/\/www.ofb.gouv.fr\/les-aires-terrestres-educatives\"><img loading=\"lazy\" decoding=\"async\" width=\"415\" height=\"121\" src=\"http:\/\/www.lessvtdelagrenouille.fr\/blog\/wp-content\/uploads\/2024\/10\/ofb.jpg\" alt=\"\" class=\"wp-image-8514\" srcset=\"http:\/\/www.lessvtdelagrenouille.fr\/blog\/wp-content\/uploads\/2024\/10\/ofb.jpg 415w, http:\/\/www.lessvtdelagrenouille.fr\/blog\/wp-content\/uploads\/2024\/10\/ofb-300x87.jpg 300w\" sizes=\"auto, (max-width: 415px) 100vw, 415px\" \/><\/a><\/figure>\n<\/div>\n<\/div>\n\n\n\t\t<div class=\"wppsac-wrap wppsac-slick-carousel-wrp wppsac-clearfix \" data-conf=\"{&quot;slides_to_show&quot;:2,&quot;slides_to_scroll&quot;:1,&quot;dots&quot;:&quot;true&quot;,&quot;arrows&quot;:&quot;true&quot;,&quot;autoplay&quot;:&quot;true&quot;,&quot;autoplay_interval&quot;:3000,&quot;speed&quot;:500,&quot;rtl&quot;:&quot;false&quot;,&quot;lazyload&quot;:&quot;&quot;}\">\r\n\t\t\t<div id=\"wppsac-post-carousel-1\" class=\"wppsac-post-slider-init wppsac-post-carousel design-1\">\r\n\t\t\t\t<div class=\"wppsac-carousel-slides\">\r\n\t\t<div class=\"wppsac-post-image-bg\">\r\n\t\t<a href=\"http:\/\/www.lessvtdelagrenouille.fr\/blog\/lettre-dactualite-edd-dediee-aux-aires-terrestres-educatives\/\">\r\n\t\t\t<img decoding=\"async\" class=\"wppsac-post-image\"  src=\"http:\/\/www.lessvtdelagrenouille.fr\/blog\/wp-content\/uploads\/2024\/10\/ecole-dehors-1024x1024-1.png\" alt=\"Lettre d\u2019actualit\u00e9 EDD d\u00e9di\u00e9e aux aires terrestres \u00e9ducatives\" \/>\r\n\t\t<\/a>\r\n\t<\/div>\r\n\t\r\n\t<div class=\"wppsac-post-content-position\">\r\n\t\t\r\n\t\t<h2 class=\"wppsac-post-title\">\r\n\t\t\t<a href=\"http:\/\/www.lessvtdelagrenouille.fr\/blog\/lettre-dactualite-edd-dediee-aux-aires-terrestres-educatives\/\">Lettre d\u2019actualit\u00e9 EDD d\u00e9di\u00e9e aux aires terrestres \u00e9ducatives<\/a>\r\n\t\t<\/h2>\r\n\r\n\t\t\t<\/div>\r\n<\/div><div class=\"wppsac-carousel-slides\">\r\n\t\t<div class=\"wppsac-post-image-bg\">\r\n\t\t<a href=\"http:\/\/www.lessvtdelagrenouille.fr\/blog\/premiers-pas-dans-notre-aire-terrestre\/\">\r\n\t\t\t<img decoding=\"async\" class=\"wppsac-post-image\"  src=\"http:\/\/www.lessvtdelagrenouille.fr\/blog\/wp-content\/uploads\/2025\/11\/IMG_20251013_091356_113-scaled.jpg\" alt=\"Premiers pas dans notre aire terrestre en 2025\" \/>\r\n\t\t<\/a>\r\n\t<\/div>\r\n\t\r\n\t<div class=\"wppsac-post-content-position\">\r\n\t\t\r\n\t\t<h2 class=\"wppsac-post-title\">\r\n\t\t\t<a href=\"http:\/\/www.lessvtdelagrenouille.fr\/blog\/premiers-pas-dans-notre-aire-terrestre\/\">Premiers pas dans notre aire terrestre en 2025<\/a>\r\n\t\t<\/h2>\r\n\r\n\t\t\t<\/div>\r\n<\/div><div class=\"wppsac-carousel-slides\">\r\n\t\t<div class=\"wppsac-post-image-bg\">\r\n\t\t<a href=\"http:\/\/www.lessvtdelagrenouille.fr\/blog\/conference-daudrey-dussautour-marraine-du-projet-aire-terrestre-educative\/\">\r\n\t\t\t<img decoding=\"async\" class=\"wppsac-post-image\"  src=\"http:\/\/www.lessvtdelagrenouille.fr\/blog\/wp-content\/uploads\/2024\/09\/logo-aires-terrestres-educatives.jpg\" alt=\"Conf\u00e9rence d&rsquo;Audrey Dussutour marraine du projet aire terrestre \u00e9ducative\" \/>\r\n\t\t<\/a>\r\n\t<\/div>\r\n\t\r\n\t<div class=\"wppsac-post-content-position\">\r\n\t\t\r\n\t\t<h2 class=\"wppsac-post-title\">\r\n\t\t\t<a href=\"http:\/\/www.lessvtdelagrenouille.fr\/blog\/conference-daudrey-dussautour-marraine-du-projet-aire-terrestre-educative\/\">Conf\u00e9rence d&rsquo;Audrey Dussutour marraine du projet aire terrestre \u00e9ducative<\/a>\r\n\t\t<\/h2>\r\n\r\n\t\t\t<\/div>\r\n<\/div><div class=\"wppsac-carousel-slides\">\r\n\t\t<div class=\"wppsac-post-image-bg\">\r\n\t\t<a href=\"http:\/\/www.lessvtdelagrenouille.fr\/blog\/porte-disparu-sensibiliser-aux-causes-de-declin-de-la-biodiversite\/\">\r\n\t\t\t<img decoding=\"async\" class=\"wppsac-post-image\"  src=\"http:\/\/www.lessvtdelagrenouille.fr\/blog\/wp-content\/uploads\/2024\/10\/occe.jpg\" alt=\"Port\u00e9 disparu | sensibiliser aux causes de d\u00e9clin de la biodiversit\u00e9\" \/>\r\n\t\t<\/a>\r\n\t<\/div>\r\n\t\r\n\t<div class=\"wppsac-post-content-position\">\r\n\t\t\r\n\t\t<h2 class=\"wppsac-post-title\">\r\n\t\t\t<a href=\"http:\/\/www.lessvtdelagrenouille.fr\/blog\/porte-disparu-sensibiliser-aux-causes-de-declin-de-la-biodiversite\/\">Port\u00e9 disparu | sensibiliser aux causes de d\u00e9clin de la biodiversit\u00e9<\/a>\r\n\t\t<\/h2>\r\n\r\n\t\t\t<\/div>\r\n<\/div><div class=\"wppsac-carousel-slides\">\r\n\t\t<div class=\"wppsac-post-image-bg\">\r\n\t\t<a href=\"http:\/\/www.lessvtdelagrenouille.fr\/blog\/notre-aire-terrestre-educative\/\">\r\n\t\t\t<img decoding=\"async\" class=\"wppsac-post-image\"  src=\"http:\/\/www.lessvtdelagrenouille.fr\/blog\/wp-content\/uploads\/2024\/10\/aire-terrestre.png\" alt=\"Notre aire terrestre \u00e9ducative\" \/>\r\n\t\t<\/a>\r\n\t<\/div>\r\n\t\r\n\t<div class=\"wppsac-post-content-position\">\r\n\t\t\r\n\t\t<h2 class=\"wppsac-post-title\">\r\n\t\t\t<a href=\"http:\/\/www.lessvtdelagrenouille.fr\/blog\/notre-aire-terrestre-educative\/\">Notre aire terrestre \u00e9ducative<\/a>\r\n\t\t<\/h2>\r\n\r\n\t\t\t<\/div>\r\n<\/div><div class=\"wppsac-carousel-slides\">\r\n\t\t<div class=\"wppsac-post-image-bg\">\r\n\t\t<a href=\"http:\/\/www.lessvtdelagrenouille.fr\/blog\/cours-en-exterieur-en-svt\/\">\r\n\t\t\t<img decoding=\"async\" class=\"wppsac-post-image\"  src=\"http:\/\/www.lessvtdelagrenouille.fr\/blog\/wp-content\/uploads\/2024\/09\/logo-aires-terrestres-educatives.jpg\" alt=\"Cours en ext\u00e9rieur en SVT\" \/>\r\n\t\t<\/a>\r\n\t<\/div>\r\n\t\r\n\t<div class=\"wppsac-post-content-position\">\r\n\t\t\r\n\t\t<h2 class=\"wppsac-post-title\">\r\n\t\t\t<a href=\"http:\/\/www.lessvtdelagrenouille.fr\/blog\/cours-en-exterieur-en-svt\/\">Cours en ext\u00e9rieur en SVT<\/a>\r\n\t\t<\/h2>\r\n\r\n\t\t\t<\/div>\r\n<\/div>\t\t\t<\/div>\r\n\t\t<\/div>\r\n\t","protected":false},"excerpt":{"rendered":"","protected":false},"author":1,"featured_media":0,"parent":0,"menu_order":0,"comment_status":"closed","ping_status":"closed","template":"","meta":{"footnotes":""},"class_list":["post-8507","page","type-page","status-publish"],"featured_image_urls_v2":{"full":"","thumbnail":"","medium":"","medium_large":"","large":"","1536x1536":"","2048x2048":""},"post_excerpt_stackable_v2":"<p>Lettre d\u2019actualit\u00e9 EDD d\u00e9di\u00e9e aux aires terrestres \u00e9ducatives Premiers pas dans notre aire terrestre en 2025 Conf\u00e9rence d&rsquo;Audrey Dussutour marraine du projet aire terrestre \u00e9ducative Port\u00e9 disparu | sensibiliser aux causes de d\u00e9clin de la biodiversit\u00e9 Notre aire terrestre \u00e9ducative Cours en ext\u00e9rieur en SVT<\/p>\n","category_list_v2":"","author_info_v2":{"name":"RolandC","url":"http:\/\/www.lessvtdelagrenouille.fr\/blog\/author\/rollandc\/"},"comments_num_v2":"0 commentaire","_links":{"self":[{"href":"http:\/\/www.lessvtdelagrenouille.fr\/blog\/wp-json\/wp\/v2\/pages\/8507","targetHints":{"allow":["GET"]}}],"collection":[{"href":"http:\/\/www.lessvtdelagrenouille.fr\/blog\/wp-json\/wp\/v2\/pages"}],"about":[{"href":"http:\/\/www.lessvtdelagrenouille.fr\/blog\/wp-json\/wp\/v2\/types\/page"}],"author":[{"embeddable":true,"href":"http:\/\/www.lessvtdelagrenouille.fr\/blog\/wp-json\/wp\/v2\/users\/1"}],"replies":[{"embeddable":true,"href":"http:\/\/www.lessvtdelagrenouille.fr\/blog\/wp-json\/wp\/v2\/comments?post=8507"}],"version-history":[{"count":4,"href":"http:\/\/www.lessvtdelagrenouille.fr\/blog\/wp-json\/wp\/v2\/pages\/8507\/revisions"}],"predecessor-version":[{"id":8515,"href":"http:\/\/www.lessvtdelagrenouille.fr\/blog\/wp-json\/wp\/v2\/pages\/8507\/revisions\/8515"}],"wp:attachment":[{"href":"http:\/\/www.lessvtdelagrenouille.fr\/blog\/wp-json\/wp\/v2\/media?parent=8507"}],"curies":[{"name":"wp","href":"https:\/\/api.w.org\/{rel}","templated":true}]}}