{"id":8553,"date":"2024-11-05T11:55:57","date_gmt":"2024-11-05T10:55:57","guid":{"rendered":"http:\/\/www.lessvtdelagrenouille.fr\/blog\/?page_id=8553"},"modified":"2024-11-05T11:57:45","modified_gmt":"2024-11-05T10:57:45","slug":"femmes-de-sciences","status":"publish","type":"page","link":"http:\/\/www.lessvtdelagrenouille.fr\/blog\/femmes-de-sciences\/","title":{"rendered":"Femmes de sciences"},"content":{"rendered":"\n<p>L&rsquo;objectif de cette page et de redonner aux femmes scientifiques la lumi\u00e8re qu&rsquo;elles m\u00e9rites face \u00e0 leur r\u00f4le dans l&rsquo;histoire des sciences.<\/p>\n\n\n\t\t<div class=\"wppsac-wrap wppsac-slick-slider-wrp wppsac-clearfix \" data-conf=\"{&quot;dots&quot;:&quot;true&quot;,&quot;arrows&quot;:&quot;true&quot;,&quot;autoplay&quot;:&quot;true&quot;,&quot;autoplay_interval&quot;:3000,&quot;speed&quot;:500,&quot;rtl&quot;:&quot;false&quot;,&quot;lazyload&quot;:&quot;&quot;}\">\r\n\t\t\t<div id=\"wppsac-post-slider-1\" class=\"wppsac-post-slider-init wppsac-post-slider design-1\">\r\n\t\t\t\t<div class=\"wppsac-post-slides\">\r\n\t<div class=\"wppsac-post-content-position\">\r\n\t\t<div class=\"wppsac-post-content-left wp-medium-8 wpcolumns\">\r\n\t\t\t\r\n\t\t\t<h2 class=\"wppsac-post-title\">\r\n\t\t\t\t<a href=\"http:\/\/www.lessvtdelagrenouille.fr\/blog\/femme-de-sciences-jane-goodall-pionniere-dans-letude-des-chimpanzes\/\">Femme de sciences :Jane Goodall, pionni\u00e8re dans l&rsquo;\u00e9tude des chimpanz\u00e9s<\/a>\r\n\t\t\t<\/h2>\r\n\r\n\t\t\t\t\t<\/div>\r\n\t\t<div class=\"wppsac-post-image-bg\">\r\n\t\t\t<a href=\"http:\/\/www.lessvtdelagrenouille.fr\/blog\/femme-de-sciences-jane-goodall-pionniere-dans-letude-des-chimpanzes\/\">\r\n\t\t\t\t\t\t\t\t<img decoding=\"async\" class=\"wppsac-post-image\"  src=\"http:\/\/www.lessvtdelagrenouille.fr\/blog\/wp-content\/uploads\/2025\/10\/goodall.jpg\" alt=\"Femme de sciences :Jane Goodall, pionni\u00e8re dans l&rsquo;\u00e9tude des chimpanz\u00e9s\" \/>\r\n\t\t\t\t\t\t\t<\/a>\r\n\t\t<\/div>\r\n\t<\/div>\r\n<\/div><div class=\"wppsac-post-slides\">\r\n\t<div class=\"wppsac-post-content-position\">\r\n\t\t<div class=\"wppsac-post-content-left wp-medium-8 wpcolumns\">\r\n\t\t\t\r\n\t\t\t<h2 class=\"wppsac-post-title\">\r\n\t\t\t\t<a href=\"http:\/\/www.lessvtdelagrenouille.fr\/blog\/femme-de-sciences-r-franklin-et-ladn\/\">Femme de sciences R. Franklin et l&rsquo;ADN<\/a>\r\n\t\t\t<\/h2>\r\n\r\n\t\t\t\t\t<\/div>\r\n\t\t<div class=\"wppsac-post-image-bg\">\r\n\t\t\t<a href=\"http:\/\/www.lessvtdelagrenouille.fr\/blog\/femme-de-sciences-r-franklin-et-ladn\/\">\r\n\t\t\t\t\t\t\t\t<img decoding=\"async\" class=\"wppsac-post-image\"  src=\"http:\/\/www.lessvtdelagrenouille.fr\/blog\/wp-content\/uploads\/2022\/11\/adn.jpg\" alt=\"Femme de sciences R. Franklin et l&rsquo;ADN\" \/>\r\n\t\t\t\t\t\t\t<\/a>\r\n\t\t<\/div>\r\n\t<\/div>\r\n<\/div><div class=\"wppsac-post-slides\">\r\n\t<div class=\"wppsac-post-content-position\">\r\n\t\t<div class=\"wppsac-post-content-left wp-medium-8 wpcolumns\">\r\n\t\t\t\r\n\t\t\t<h2 class=\"wppsac-post-title\">\r\n\t\t\t\t<a href=\"http:\/\/www.lessvtdelagrenouille.fr\/blog\/nettie-stevens-et-la-genetique\/\">Nettie stevens et la g\u00e9n\u00e9tique<\/a>\r\n\t\t\t<\/h2>\r\n\r\n\t\t\t\t\t<\/div>\r\n\t\t<div class=\"wppsac-post-image-bg\">\r\n\t\t\t<a href=\"http:\/\/www.lessvtdelagrenouille.fr\/blog\/nettie-stevens-et-la-genetique\/\">\r\n\t\t\t\t\t\t\t\t<img decoding=\"async\" class=\"wppsac-post-image\"  src=\"http:\/\/www.lessvtdelagrenouille.fr\/blog\/wp-content\/uploads\/2024\/11\/femme-de-sciences.jpg\" alt=\"Nettie stevens et la g\u00e9n\u00e9tique\" \/>\r\n\t\t\t\t\t\t\t<\/a>\r\n\t\t<\/div>\r\n\t<\/div>\r\n<\/div>\t\t\t<\/div>\r\n\t\t<\/div>\r\n\t","protected":false},"excerpt":{"rendered":"<p>L&rsquo;objectif de cette page et de redonner aux femmes scientifiques la lumi\u00e8re qu&rsquo;elles m\u00e9rites face \u00e0 leur r\u00f4le dans l&rsquo;histoire des sciences.<\/p>\n","protected":false},"author":1,"featured_media":8551,"parent":0,"menu_order":0,"comment_status":"closed","ping_status":"closed","template":"","meta":{"footnotes":""},"class_list":["post-8553","page","type-page","status-publish","has-post-thumbnail"],"featured_image_urls_v2":{"full":["http:\/\/www.lessvtdelagrenouille.fr\/blog\/wp-content\/uploads\/2024\/11\/femme-de-sciences.jpg",194,260,false],"thumbnail":["http:\/\/www.lessvtdelagrenouille.fr\/blog\/wp-content\/uploads\/2024\/11\/femme-de-sciences-150x150.jpg",150,150,true],"medium":["http:\/\/www.lessvtdelagrenouille.fr\/blog\/wp-content\/uploads\/2024\/11\/femme-de-sciences.jpg",194,260,false],"medium_large":["http:\/\/www.lessvtdelagrenouille.fr\/blog\/wp-content\/uploads\/2024\/11\/femme-de-sciences.jpg",194,260,false],"large":["http:\/\/www.lessvtdelagrenouille.fr\/blog\/wp-content\/uploads\/2024\/11\/femme-de-sciences.jpg",194,260,false],"1536x1536":["http:\/\/www.lessvtdelagrenouille.fr\/blog\/wp-content\/uploads\/2024\/11\/femme-de-sciences.jpg",194,260,false],"2048x2048":["http:\/\/www.lessvtdelagrenouille.fr\/blog\/wp-content\/uploads\/2024\/11\/femme-de-sciences.jpg",194,260,false]},"post_excerpt_stackable_v2":"<p>L&rsquo;objectif de cette page et de redonner aux femmes scientifiques la lumi\u00e8re qu&rsquo;elles m\u00e9rites face \u00e0 leur r\u00f4le dans l&rsquo;histoire des sciences. Femme de sciences :Jane Goodall, pionni\u00e8re dans l&rsquo;\u00e9tude des chimpanz\u00e9s Femme de sciences R. Franklin et l&rsquo;ADN Nettie stevens et la g\u00e9n\u00e9tique<\/p>\n","category_list_v2":"","author_info_v2":{"name":"RolandC","url":"http:\/\/www.lessvtdelagrenouille.fr\/blog\/author\/rollandc\/"},"comments_num_v2":"0 commentaire","_links":{"self":[{"href":"http:\/\/www.lessvtdelagrenouille.fr\/blog\/wp-json\/wp\/v2\/pages\/8553","targetHints":{"allow":["GET"]}}],"collection":[{"href":"http:\/\/www.lessvtdelagrenouille.fr\/blog\/wp-json\/wp\/v2\/pages"}],"about":[{"href":"http:\/\/www.lessvtdelagrenouille.fr\/blog\/wp-json\/wp\/v2\/types\/page"}],"author":[{"embeddable":true,"href":"http:\/\/www.lessvtdelagrenouille.fr\/blog\/wp-json\/wp\/v2\/users\/1"}],"replies":[{"embeddable":true,"href":"http:\/\/www.lessvtdelagrenouille.fr\/blog\/wp-json\/wp\/v2\/comments?post=8553"}],"version-history":[{"count":2,"href":"http:\/\/www.lessvtdelagrenouille.fr\/blog\/wp-json\/wp\/v2\/pages\/8553\/revisions"}],"predecessor-version":[{"id":8559,"href":"http:\/\/www.lessvtdelagrenouille.fr\/blog\/wp-json\/wp\/v2\/pages\/8553\/revisions\/8559"}],"wp:featuredmedia":[{"embeddable":true,"href":"http:\/\/www.lessvtdelagrenouille.fr\/blog\/wp-json\/wp\/v2\/media\/8551"}],"wp:attachment":[{"href":"http:\/\/www.lessvtdelagrenouille.fr\/blog\/wp-json\/wp\/v2\/media?parent=8553"}],"curies":[{"name":"wp","href":"https:\/\/api.w.org\/{rel}","templated":true}]}}